{"id":29,"date":"2016-04-24T18:31:30","date_gmt":"2016-04-24T16:31:30","guid":{"rendered":"http:\/\/localhost:8888\/?page_id=29"},"modified":"2023-02-16T19:57:43","modified_gmt":"2023-02-16T18:57:43","slug":"accueil","status":"publish","type":"page","link":"http:\/\/www.tropica-animations.fr\/","title":{"rendered":"Accueil"},"content":{"rendered":"\t\t<div data-elementor-type=\"wp-page\" data-elementor-id=\"29\" class=\"elementor elementor-29\">\n\t\t\t\t\t\t\t\t\t<section class=\"elementor-section elementor-top-section elementor-element elementor-element-41c11263 elementor-section-boxed elementor-section-height-default elementor-section-height-default\" data-id=\"41c11263\" data-element_type=\"section\">\n\t\t\t\t\t\t<div class=\"elementor-container elementor-column-gap-default\">\n\t\t\t\t\t<div class=\"elementor-column elementor-col-100 elementor-top-column elementor-element elementor-element-555d4a87\" data-id=\"555d4a87\" data-element_type=\"column\">\n\t\t\t<div class=\"elementor-widget-wrap elementor-element-populated\">\n\t\t\t\t\t\t\t\t<div class=\"elementor-element elementor-element-58ec5b34 elementor-widget elementor-widget-text-editor\" data-id=\"58ec5b34\" data-element_type=\"widget\" data-widget_type=\"text-editor.default\">\n\t\t\t\t<div class=\"elementor-widget-container\">\n\t\t\t\t\t\t\t<p><!-- wp:heading {\"level\":3,\"className\":\"Style4\"} --><\/p>\n<h3 class=\"Style4\" style=\"text-align: left;\"><span style=\"font-size: 18pt;\"><span style=\"color: #0000ff;\">Bienvenue<\/span>&nbsp;<\/span><\/h3>\n<p><!-- \/wp:heading --><\/p>\n<p><!-- wp:image {\"align\":\"right\",\"id\":72} --><\/p>\n<div class=\"wp-block-image\">\n<figure class=\"alignright\"><img data-attachment-id=\"72\" data-permalink=\"http:\/\/www.tropica-animations.fr\/?attachment_id=72\" data-orig-file=\"https:\/\/i0.wp.com\/www.tropica-animations.fr\/wp-content\/uploads\/2016\/04\/ferme-presle.jpg?fit=528%2C960\" data-orig-size=\"528,960\" data-comments-opened=\"1\" data-image-meta=\"{&quot;aperture&quot;:&quot;0&quot;,&quot;credit&quot;:&quot;&quot;,&quot;camera&quot;:&quot;&quot;,&quot;caption&quot;:&quot;&quot;,&quot;created_timestamp&quot;:&quot;0&quot;,&quot;copyright&quot;:&quot;&quot;,&quot;focal_length&quot;:&quot;0&quot;,&quot;iso&quot;:&quot;0&quot;,&quot;shutter_speed&quot;:&quot;0&quot;,&quot;title&quot;:&quot;&quot;,&quot;orientation&quot;:&quot;0&quot;}\" data-image-title=\"\" data-image-description=\"\" data-image-caption=\"\" data-medium-file=\"https:\/\/i0.wp.com\/www.tropica-animations.fr\/wp-content\/uploads\/2016\/04\/ferme-presle.jpg?fit=165%2C300\" data-large-file=\"https:\/\/i0.wp.com\/www.tropica-animations.fr\/wp-content\/uploads\/2016\/04\/ferme-presle.jpg?fit=528%2C960\" decoding=\"async\" loading=\"lazy\" width=\"150\" height=\"150\" class=\"wp-image-72\" src=\"https:\/\/i0.wp.com\/tropica-animations.fr\/wp-content\/uploads\/2016\/04\/ferme-presle-150x150.jpg?resize=150%2C150\" alt=\"\" data-recalc-dims=\"1\" srcset=\"https:\/\/i0.wp.com\/www.tropica-animations.fr\/wp-content\/uploads\/2016\/04\/ferme-presle.jpg?resize=150%2C150 150w, https:\/\/i0.wp.com\/www.tropica-animations.fr\/wp-content\/uploads\/2016\/04\/ferme-presle.jpg?resize=60%2C60 60w, https:\/\/i0.wp.com\/www.tropica-animations.fr\/wp-content\/uploads\/2016\/04\/ferme-presle.jpg?zoom=2&amp;resize=150%2C150 300w, https:\/\/i0.wp.com\/www.tropica-animations.fr\/wp-content\/uploads\/2016\/04\/ferme-presle.jpg?zoom=3&amp;resize=150%2C150 450w\" sizes=\"(max-width: 150px) 100vw, 150px\" \/><\/figure>\n<\/div>\n<p><!-- \/wp:image --><\/p>\n<p><!-- wp:paragraph {\"className\":\"Style4\"} --><\/p>\n<p class=\"Style4\">Depuis 1984, <strong><span class=\"Style7\">TROPICA ANIMATIONS<\/span><\/strong> est le partenaire de vos soir\u00e9es en Champagne Ardennes.<\/p>\n<p><!-- \/wp:paragraph --><\/p>\n<p><!-- wp:paragraph {\"className\":\"Style4\"} --><\/p>\n<p class=\"Style4\">Par notre exp\u00e9rience et un large choix musical, nous vous offrons un service de qualit\u00e9 toujours adapt\u00e9 \u00e0 vos attentes.<\/p>\n<p><!-- \/wp:paragraph --><\/p>\n<p><!-- wp:paragraph --><\/p>\n<p>Que ce soit pour&nbsp;&nbsp;votre mariage, votre anniversaire,&nbsp;une f\u00eate organis\u00e9e par votre comit\u00e9 d\u2019 entreprise, une f\u00eate pour votre village \u2026. Nous vous proposons un service adapt\u00e9 \u00e0 vos attentes.<\/p>\n<p><!-- \/wp:paragraph --><\/p>\n<p><!-- wp:image {\"align\":\"right\",\"id\":123} --><\/p>\n<div class=\"wp-block-image\">\n<figure class=\"alignright\"><img data-attachment-id=\"123\" data-permalink=\"http:\/\/www.tropica-animations.fr\/?attachment_id=123\" data-orig-file=\"https:\/\/i0.wp.com\/www.tropica-animations.fr\/wp-content\/uploads\/2017\/05\/mixer-886899_1920-1.jpg?fit=1920%2C1078\" data-orig-size=\"1920,1078\" data-comments-opened=\"1\" data-image-meta=\"{&quot;aperture&quot;:&quot;0&quot;,&quot;credit&quot;:&quot;&quot;,&quot;camera&quot;:&quot;&quot;,&quot;caption&quot;:&quot;&quot;,&quot;created_timestamp&quot;:&quot;0&quot;,&quot;copyright&quot;:&quot;&quot;,&quot;focal_length&quot;:&quot;0&quot;,&quot;iso&quot;:&quot;0&quot;,&quot;shutter_speed&quot;:&quot;0&quot;,&quot;title&quot;:&quot;&quot;,&quot;orientation&quot;:&quot;0&quot;}\" data-image-title=\"mixer\" data-image-description=\"\" data-image-caption=\"\" data-medium-file=\"https:\/\/i0.wp.com\/www.tropica-animations.fr\/wp-content\/uploads\/2017\/05\/mixer-886899_1920-1.jpg?fit=300%2C168\" data-large-file=\"https:\/\/i0.wp.com\/www.tropica-animations.fr\/wp-content\/uploads\/2017\/05\/mixer-886899_1920-1.jpg?fit=640%2C359\" decoding=\"async\" loading=\"lazy\" width=\"150\" height=\"150\" class=\"wp-image-123\" src=\"https:\/\/i0.wp.com\/tropica-animations.fr\/wp-content\/uploads\/2017\/05\/mixer-886899_1920-1-150x150.jpg?resize=150%2C150\" alt=\"\" data-recalc-dims=\"1\" srcset=\"https:\/\/i0.wp.com\/www.tropica-animations.fr\/wp-content\/uploads\/2017\/05\/mixer-886899_1920-1.jpg?resize=150%2C150 150w, https:\/\/i0.wp.com\/www.tropica-animations.fr\/wp-content\/uploads\/2017\/05\/mixer-886899_1920-1.jpg?zoom=2&amp;resize=150%2C150 300w, https:\/\/i0.wp.com\/www.tropica-animations.fr\/wp-content\/uploads\/2017\/05\/mixer-886899_1920-1.jpg?zoom=3&amp;resize=150%2C150 450w\" sizes=\"(max-width: 150px) 100vw, 150px\" \/><\/figure>\n<\/div>\n<p><!-- \/wp:image --><\/p>\n<p><!-- wp:paragraph {\"className\":\"Style4\"} --><\/p>\n<p class=\"Style4\"><span style=\"line-height: 1.75;\">Equip\u00e9 en mat\u00e9riel de sonorisation professionnel (<\/span><em style=\"line-height: 1.75;\"> <span class=\"Style6\">PIONEER<\/span>, <span class=\"Style6\">TECHNICS<\/span>, <span class=\"Style6\">BOSE<\/span> ,<span class=\"Style6\">DAS,&#8230;<\/span><\/em><span style=\"line-height: 1.75;\"> ) afin de vous proposer un son de qualit\u00e9. &nbsp;<\/span><\/p><p class=\"Style4\"><span style=\"line-height: 1.75;\">Notre mat\u00e9riel d&rsquo;\u00e9clairage vous permet une ambiance digne des grandes soir\u00e9e.&nbsp;<\/span><\/p><p class=\"Style4\"><span style=\"line-height: 1.75;\">Nous vous proposons des effets laser pour personnaliser l&rsquo;animation.<\/span><\/p>\n<p><!-- \/wp:paragraph --><\/p>\n<p><!-- wp:paragraph {\"className\":\"Style4\"} --><\/p>\n<p class=\"Style4\"><span style=\"line-height: 1.75;\">Nous adaptons le son et l&rsquo;\u00e9clairage \u00e0 toutes vos soir\u00e9es pour qu&rsquo;elles restent inoubliables !<\/span><\/p>\n<p><!-- \/wp:paragraph --><\/p>\n<p><!-- wp:paragraph {\"className\":\"Style4\"} --><\/p>\n<p class=\"Style4\">Alors n&rsquo;h\u00e9sitez pas \u00e0 nous contacter pour toutes informations compl\u00e9mentaires.<\/p>\n<p><!-- \/wp:paragraph --><\/p>\n<p><!-- wp:paragraph {\"align\":\"center\",\"style\":{\"typography\":{\"fontSize\":22}}} --><\/p>\n<p class=\"has-text-align-center\" style=\"font-size: 22px;\">\n<\/p><p>Pour des renseignements personnalis\u00e9s, contactez-nous au <strong>03.26.89.30.79<\/strong> ou au <strong>06.08.64.42.32<\/strong>&nbsp;ou via notre&nbsp;<a href=\"http:\/\/www.tropica-animations.fr\/?page_id=12\">formulaire en ligne<\/a>.<\/p>\n<p><!-- \/wp:paragraph --><\/p>\t\t\t\t\t\t<\/div>\n\t\t\t\t<\/div>\n\t\t\t\t\t<\/div>\n\t\t<\/div>\n\t\t\t\t\t\t\t<\/div>\n\t\t<\/section>\n\t\t\t\t<section class=\"elementor-section elementor-top-section elementor-element elementor-element-8ad173f elementor-section-boxed elementor-section-height-default elementor-section-height-default\" data-id=\"8ad173f\" data-element_type=\"section\">\n\t\t\t\t\t\t<div class=\"elementor-container elementor-column-gap-default\">\n\t\t\t\t\t<div class=\"elementor-column elementor-col-50 elementor-top-column elementor-element elementor-element-8d5096a\" data-id=\"8d5096a\" data-element_type=\"column\">\n\t\t\t<div class=\"elementor-widget-wrap elementor-element-populated\">\n\t\t\t\t\t\t\t\t<div class=\"elementor-element elementor-element-014d36d elementor-widget elementor-widget-text-editor\" data-id=\"014d36d\" data-element_type=\"widget\" data-widget_type=\"text-editor.default\">\n\t\t\t\t<div class=\"elementor-widget-container\">\n\t\t\t\t\t\t\t<p style=\"text-align: center;\"><em><strong><span style=\"font-size: 18pt; color: #0000ff;\">&#8212; Nouveau &#8212;\u00a0<\/span><\/strong><\/em><\/p>\n<p>TROPICA ANIMATION vous propose la location d&rsquo;un Photobooth pour anim\u00e9 vos soir\u00e9es et avoir un souvenir inoubliable de celle-ci.<\/p>\n<p>Vous pourrez prendre de nombreuses photos et pourrez repartir avec directement.<\/p>\n<p>Alors n&rsquo;h\u00e9sitez pas \u00e0 le r\u00e9server pour vos prochaine soir\u00e9e !<\/p>\t\t\t\t\t\t<\/div>\n\t\t\t\t<\/div>\n\t\t\t\t\t<\/div>\n\t\t<\/div>\n\t\t\t\t<div class=\"elementor-column elementor-col-50 elementor-top-column elementor-element elementor-element-d0b58f6\" data-id=\"d0b58f6\" data-element_type=\"column\">\n\t\t\t<div class=\"elementor-widget-wrap elementor-element-populated\">\n\t\t\t\t\t\t\t\t<div class=\"elementor-element elementor-element-614e653 elementor-widget elementor-widget-image\" data-id=\"614e653\" data-element_type=\"widget\" data-widget_type=\"image.default\">\n\t\t\t\t<div class=\"elementor-widget-container\">\n\t\t\t\t\t\t\t\t\t\t\t\t\t\t\t<img data-attachment-id=\"234\" data-permalink=\"http:\/\/www.tropica-animations.fr\/?attachment_id=234\" data-orig-file=\"https:\/\/i0.wp.com\/www.tropica-animations.fr\/wp-content\/uploads\/2023\/02\/20220423_193527-1-scaled.jpg?fit=1920%2C2560\" data-orig-size=\"1920,2560\" data-comments-opened=\"1\" data-image-meta=\"{&quot;aperture&quot;:&quot;1.7&quot;,&quot;credit&quot;:&quot;&quot;,&quot;camera&quot;:&quot;SM-G930F&quot;,&quot;caption&quot;:&quot;&quot;,&quot;created_timestamp&quot;:&quot;1650742527&quot;,&quot;copyright&quot;:&quot;&quot;,&quot;focal_length&quot;:&quot;4.2&quot;,&quot;iso&quot;:&quot;160&quot;,&quot;shutter_speed&quot;:&quot;0.033333333333333&quot;,&quot;title&quot;:&quot;&quot;,&quot;orientation&quot;:&quot;1&quot;}\" data-image-title=\"20220423_193527-1\" data-image-description=\"\" data-image-caption=\"\" data-medium-file=\"https:\/\/i0.wp.com\/www.tropica-animations.fr\/wp-content\/uploads\/2023\/02\/20220423_193527-1-scaled.jpg?fit=225%2C300\" data-large-file=\"https:\/\/i0.wp.com\/www.tropica-animations.fr\/wp-content\/uploads\/2023\/02\/20220423_193527-1-scaled.jpg?fit=640%2C853\" decoding=\"async\" width=\"225\" height=\"300\" src=\"https:\/\/i0.wp.com\/www.tropica-animations.fr\/wp-content\/uploads\/2023\/02\/20220423_193527-1-scaled.jpg?fit=225%2C300\" class=\"attachment-medium size-medium wp-image-234\" alt=\"\" loading=\"lazy\" srcset=\"https:\/\/i0.wp.com\/www.tropica-animations.fr\/wp-content\/uploads\/2023\/02\/20220423_193527-1-scaled.jpg?w=1920 1920w, https:\/\/i0.wp.com\/www.tropica-animations.fr\/wp-content\/uploads\/2023\/02\/20220423_193527-1-scaled.jpg?resize=225%2C300 225w, https:\/\/i0.wp.com\/www.tropica-animations.fr\/wp-content\/uploads\/2023\/02\/20220423_193527-1-scaled.jpg?resize=768%2C1024 768w, https:\/\/i0.wp.com\/www.tropica-animations.fr\/wp-content\/uploads\/2023\/02\/20220423_193527-1-scaled.jpg?resize=1152%2C1536 1152w, https:\/\/i0.wp.com\/www.tropica-animations.fr\/wp-content\/uploads\/2023\/02\/20220423_193527-1-scaled.jpg?resize=1536%2C2048 1536w, https:\/\/i0.wp.com\/www.tropica-animations.fr\/wp-content\/uploads\/2023\/02\/20220423_193527-1-scaled.jpg?w=1280 1280w\" sizes=\"(max-width: 225px) 100vw, 225px\" data-attachment-id=\"234\" data-permalink=\"http:\/\/www.tropica-animations.fr\/?attachment_id=234\" data-orig-file=\"https:\/\/i0.wp.com\/www.tropica-animations.fr\/wp-content\/uploads\/2023\/02\/20220423_193527-1-scaled.jpg?fit=1920%2C2560\" data-orig-size=\"1920,2560\" data-comments-opened=\"1\" data-image-meta=\"{&quot;aperture&quot;:&quot;1.7&quot;,&quot;credit&quot;:&quot;&quot;,&quot;camera&quot;:&quot;SM-G930F&quot;,&quot;caption&quot;:&quot;&quot;,&quot;created_timestamp&quot;:&quot;1650742527&quot;,&quot;copyright&quot;:&quot;&quot;,&quot;focal_length&quot;:&quot;4.2&quot;,&quot;iso&quot;:&quot;160&quot;,&quot;shutter_speed&quot;:&quot;0.033333333333333&quot;,&quot;title&quot;:&quot;&quot;,&quot;orientation&quot;:&quot;1&quot;}\" data-image-title=\"20220423_193527-1\" data-image-description=\"\" data-image-caption=\"\" data-medium-file=\"https:\/\/i0.wp.com\/www.tropica-animations.fr\/wp-content\/uploads\/2023\/02\/20220423_193527-1-scaled.jpg?fit=225%2C300\" data-large-file=\"https:\/\/i0.wp.com\/www.tropica-animations.fr\/wp-content\/uploads\/2023\/02\/20220423_193527-1-scaled.jpg?fit=640%2C853\" \/>\t\t\t\t\t\t\t\t\t\t\t\t\t\t\t<\/div>\n\t\t\t\t<\/div>\n\t\t\t\t\t<\/div>\n\t\t<\/div>\n\t\t\t\t\t\t\t<\/div>\n\t\t<\/section>\n\t\t\t\t<section class=\"elementor-section elementor-top-section elementor-element elementor-element-6a13606 elementor-section-boxed elementor-section-height-default elementor-section-height-default\" data-id=\"6a13606\" data-element_type=\"section\">\n\t\t\t\t\t\t<div class=\"elementor-container elementor-column-gap-default\">\n\t\t\t\t\t<div class=\"elementor-column elementor-col-100 elementor-top-column elementor-element elementor-element-899c1ed\" data-id=\"899c1ed\" data-element_type=\"column\">\n\t\t\t<div class=\"elementor-widget-wrap elementor-element-populated\">\n\t\t\t\t\t\t\t\t<div class=\"elementor-element elementor-element-d937359 elementor-widget elementor-widget-text-editor\" data-id=\"d937359\" data-element_type=\"widget\" data-widget_type=\"text-editor.default\">\n\t\t\t\t<div class=\"elementor-widget-container\">\n\t\t\t\t\t\t\t<p>Retrouver nos informations sur notre page Facebook\u00a0<a style=\"font-family: var( --e-global-typography-text-font-family ), Sans-serif; font-weight: var( --e-global-typography-text-font-weight ); font-size: 1rem; background-color: #ffffff;\" href=\"https:\/\/www.facebook.com\/Tropica-Animations-1394483077254678\/\" target=\"_blank\" rel=\"noopener noreferrer\"><img data-attachment-id=\"84\" data-permalink=\"http:\/\/www.tropica-animations.fr\/?attachment_id=84\" data-orig-file=\"https:\/\/i0.wp.com\/www.tropica-animations.fr\/wp-content\/uploads\/2016\/04\/facebook.png?fit=50%2C49\" data-orig-size=\"50,49\" data-comments-opened=\"1\" data-image-meta=\"{&quot;aperture&quot;:&quot;0&quot;,&quot;credit&quot;:&quot;&quot;,&quot;camera&quot;:&quot;&quot;,&quot;caption&quot;:&quot;&quot;,&quot;created_timestamp&quot;:&quot;0&quot;,&quot;copyright&quot;:&quot;&quot;,&quot;focal_length&quot;:&quot;0&quot;,&quot;iso&quot;:&quot;0&quot;,&quot;shutter_speed&quot;:&quot;0&quot;,&quot;title&quot;:&quot;&quot;,&quot;orientation&quot;:&quot;0&quot;}\" data-image-title=\"facebook\" data-image-description=\"\" data-image-caption=\"\" data-medium-file=\"https:\/\/i0.wp.com\/www.tropica-animations.fr\/wp-content\/uploads\/2016\/04\/facebook.png?fit=50%2C49\" data-large-file=\"https:\/\/i0.wp.com\/www.tropica-animations.fr\/wp-content\/uploads\/2016\/04\/facebook.png?fit=50%2C49\" decoding=\"async\" loading=\"lazy\" class=\"alignnone wp-image-84 size-full\" style=\"outline: dotted thin; outline-offset: 4px;\" src=\"https:\/\/i0.wp.com\/www.tropica-animations.fr\/wp-content\/uploads\/2016\/04\/facebook.png?resize=50%2C49\" alt=\"\" width=\"50\" height=\"49\" data-recalc-dims=\"1\" \/><\/a><\/p>\n<p>A bient\u00f4t !<\/p>\t\t\t\t\t\t<\/div>\n\t\t\t\t<\/div>\n\t\t\t\t\t<\/div>\n\t\t<\/div>\n\t\t\t\t\t\t\t<\/div>\n\t\t<\/section>\n\t\t\t\t\t\t\t<\/div>\n\t\t","protected":false},"excerpt":{"rendered":"<p>Bienvenue&nbsp; Depuis 1984, TROPICA ANIMATIONS est le partenaire de vos soir\u00e9es en Champagne Ardennes. Par notre exp\u00e9rience et un large choix musical, nous vous offrons un service de qualit\u00e9 toujours adapt\u00e9 \u00e0 vos attentes. Que ce soit pour&nbsp;&nbsp;votre mariage, votre anniversaire,&nbsp;une f\u00eate organis\u00e9e par votre comit\u00e9 d\u2019 entreprise, une f\u00eate pour votre village \u2026. Nous&hellip; <a href=\"http:\/\/www.tropica-animations.fr\/\" class=\"read-more\">Continue reading Accueil<\/a><\/p>\n","protected":false},"author":1,"featured_media":0,"parent":0,"menu_order":0,"comment_status":"closed","ping_status":"closed","template":"","meta":{"jetpack_post_was_ever_published":false},"jetpack_sharing_enabled":true,"jetpack_shortlink":"https:\/\/wp.me\/P9CXSV-t","jetpack_likes_enabled":true,"jetpack-related-posts":[{"id":5,"url":"http:\/\/www.tropica-animations.fr\/?page_id=5","url_meta":{"origin":29,"position":0},"title":"Nos prestations","date":"24 avril 2016","format":false,"excerpt":"Tropica Animations vous propose ses services pour animer toutes vos soir\u00e9es en Champagne Ardennes. Nous vous guidons dans le bon d\u00e9roulement de votre soir\u00e9e en l'adaptant selon vos envies.\u00a0 Fort de notre exp\u00e9rience, notre programmation musical r\u00e9pondra \u00e0 toutes vos attentes . Nous sommes \u00e0 votre \u00e9coute pour tout les\u2026","rel":"","context":"Article similaire","img":{"alt_text":"","src":"","width":0,"height":0},"classes":[]},{"id":12,"url":"http:\/\/www.tropica-animations.fr\/?page_id=12","url_meta":{"origin":29,"position":1},"title":"Contact","date":"24 avril 2016","format":false,"excerpt":"Pour r\u00e9server votre soir\u00e9e ou pour plus d'informations contactez nous !! Par mail : infos@tropica-animations.fr \u00a0 Par t\u00e9l\u00e9phone \u00a0: \u00a003.26.89.30.79 Portable \u00a0: \u00a006.08.64.42.32 Pour toutes questions ou demande, remplissez notre formulaire :","rel":"","context":"Article similaire","img":{"alt_text":"","src":"","width":0,"height":0},"classes":[]},{"id":185,"url":"http:\/\/www.tropica-animations.fr\/?page_id=185","url_meta":{"origin":29,"position":2},"title":"Mentions L\u00e9gales","date":"7 f\u00e9vrier 2021","format":false,"excerpt":"Qui sommes-nous\u00a0? L\u2019adresse de notre site est\u00a0: http:\/\/www.tropica-animations.fr. Utilisation des donn\u00e9es personnelles collect\u00e9es Mentions l\u00e9gales Conform\u00e9ment aux dispositions des articles 6-III et 19 de la Loi n\u00b0 2004-575 du 21 juin 2004 pour la Confiance dans l'\u00e9conomie num\u00e9rique, dite L.C.E.N., nous portons \u00e0 la connaissance des utilisateurs et visiteurs du\u2026","rel":"","context":"Article similaire","img":{"alt_text":"","src":"","width":0,"height":0},"classes":[]},{"id":8,"url":"http:\/\/www.tropica-animations.fr\/?page_id=8","url_meta":{"origin":29,"position":3},"title":"Galerie","date":"24 avril 2016","format":false,"excerpt":"Voici quelques exemples de nos r\u00e9alisations : \u00a0 Si vous avez des photos de vos soir\u00e9es pass\u00e9es avec TROPICA ANIMATIONS et que vous souhaitez les voir dans notre galerie, n'h\u00e9sitez pas \u00e0 nous les faire parvenir \u00e0 photos@tropica-animations.fr\u00a0. Merci par avance ! \u00a0","rel":"","context":"Article similaire","img":{"alt_text":"","src":"https:\/\/i0.wp.com\/www.tropica-animations.fr\/wp-content\/uploads\/2016\/04\/logo1.jpg?fit=800%2C600&resize=350%2C200","width":350,"height":200},"classes":[]},{"id":195,"url":"http:\/\/www.tropica-animations.fr\/?page_id=195","url_meta":{"origin":29,"position":4},"title":"RGPD","date":"7 f\u00e9vrier 2021","format":false,"excerpt":"D\u00e9finitions Client :\u00a0tout professionnel ou personne physique capable au sens des articles 1123 et suivants du Code civil, ou personne morale, qui visite le Site objet des pr\u00e9sentes conditions g\u00e9n\u00e9rales.Prestations et Services :\u00a0http:\/\/www.tropica-animations.fr\u00a0met \u00e0 disposition des Clients : Contenu :\u00a0Ensemble des \u00e9l\u00e9ments constituants l\u2019information pr\u00e9sente sur le Site, notamment textes\u2026","rel":"","context":"Article similaire","img":{"alt_text":"","src":"","width":0,"height":0},"classes":[]},{"id":10,"url":"http:\/\/www.tropica-animations.fr\/?page_id=10","url_meta":{"origin":29,"position":5},"title":"Partenaires","date":"24 avril 2016","format":false,"excerpt":"Visitez les sites de nos partenaires ! La Ferme de Presles \u00a0: \u00a0www.fermedepresles.fr Nich\u00e9 au coeur de la Montagne de Reims ce restaurant vous accueille pour organiser toutes vos r\u00e9ceptions. Tropica Animations est l\u00e0 avec son mat\u00e9riel pour vous faire pass\u00e9 une soir\u00e9e inoubliable ! Mateclair\u00a0 :\u00a0 www.mateclair.com Fabrication et\u2026","rel":"","context":"Article similaire","img":{"alt_text":"","src":"","width":0,"height":0},"classes":[]}],"_links":{"self":[{"href":"http:\/\/www.tropica-animations.fr\/index.php?rest_route=\/wp\/v2\/pages\/29"}],"collection":[{"href":"http:\/\/www.tropica-animations.fr\/index.php?rest_route=\/wp\/v2\/pages"}],"about":[{"href":"http:\/\/www.tropica-animations.fr\/index.php?rest_route=\/wp\/v2\/types\/page"}],"author":[{"embeddable":true,"href":"http:\/\/www.tropica-animations.fr\/index.php?rest_route=\/wp\/v2\/users\/1"}],"replies":[{"embeddable":true,"href":"http:\/\/www.tropica-animations.fr\/index.php?rest_route=%2Fwp%2Fv2%2Fcomments&post=29"}],"version-history":[{"count":38,"href":"http:\/\/www.tropica-animations.fr\/index.php?rest_route=\/wp\/v2\/pages\/29\/revisions"}],"predecessor-version":[{"id":249,"href":"http:\/\/www.tropica-animations.fr\/index.php?rest_route=\/wp\/v2\/pages\/29\/revisions\/249"}],"wp:attachment":[{"href":"http:\/\/www.tropica-animations.fr\/index.php?rest_route=%2Fwp%2Fv2%2Fmedia&parent=29"}],"curies":[{"name":"wp","href":"https:\/\/api.w.org\/{rel}","templated":true}]}}