{"id":185,"date":"2021-02-07T11:44:01","date_gmt":"2021-02-07T10:44:01","guid":{"rendered":"http:\/\/www.tropica-animations.fr\/?page_id=185"},"modified":"2021-04-10T10:01:46","modified_gmt":"2021-04-10T09:01:46","slug":"politique-de-confidentialite","status":"publish","type":"page","link":"http:\/\/www.tropica-animations.fr\/?page_id=185","title":{"rendered":"Mentions L\u00e9gales"},"content":{"rendered":"\n<h2>Qui sommes-nous&nbsp;?<\/h2>\n\n\n\n<p>L\u2019adresse de notre site est&nbsp;: http:\/\/www.tropica-animations.fr.<\/p>\n\n\n\n<h2>Utilisation des donn\u00e9es personnelles collect\u00e9es<\/h2>\n\n\n\n<h1>Mentions l\u00e9gales<\/h1>\n\n\n\n<p>Conform\u00e9ment aux dispositions des articles 6-III et 19 de la Loi n\u00b0 2004-575 du 21 juin 2004 pour la Confiance dans l&rsquo;\u00e9conomie num\u00e9rique, dite L.C.E.N., nous portons \u00e0 la connaissance des utilisateurs et visiteurs du site :&nbsp;<a href=\"http:\/\/www.tropica-animations.fr\" target=\"_blank\" rel=\"noreferrer noopener\">www.tropica-animations.fr<\/a>&nbsp;les informations suivantes :<\/p>\n\n\n\n<p><strong>\u00c9DITEUR :<\/strong><\/p>\n\n\n\n<p>Le site&nbsp;<a rel=\"noreferrer noopener\" href=\"http:\/\/www.mateclair.fr\/\" target=\"_blank\">www.<\/a><a rel=\"noreferrer noopener\" href=\"http:\/\/www.tropica-animations.fr\" target=\"_blank\">tropica-animations.fr<\/a>&nbsp;est la propri\u00e9t\u00e9 exclusive de&nbsp;<strong>Tropica Animation<\/strong>, qui l&rsquo;\u00e9dite.<\/p>\n\n\n\n<p><strong>Tropica Animation<\/strong> est une entreprise individuel<\/p>\n\n\n\n<p>Le repr\u00e9sentant est Cambray Jean Paul<\/p>\n\n\n\n<p>T\u00e9l.&nbsp; :&nbsp;<strong>+33 (0)3.26.89.30.79&nbsp;&nbsp;<\/strong>(appel non surtax\u00e9)<\/p>\n\n\n\n<p><strong>8, rue Ren\u00e9 Huet&nbsp; &#8211;&nbsp;&nbsp;51100 Reims<\/strong><br>Immatricul\u00e9e au Registre du Commerce et des Soci\u00e9t\u00e9s de&nbsp;&nbsp;<strong>RCS REIMS&nbsp;<\/strong>sous le num\u00e9ro <strong>32951146300013<\/strong><\/p>\n\n\n\n<p>Num\u00e9ro TVA intracommunautaire :&nbsp;<strong>FR29 329 511 463 <\/strong><\/p>\n\n\n\n<p>Adresse de courrier \u00e9lectronique :\u00a0<strong>infos@tropica-animations.fr<\/strong>\u00a0<br>\u00a0<br>Directeur de la\u00a0 publication\u00a0:\u00a0<strong>Tropica Animation<\/strong>s<br>Contactez le responsable de la publication :\u00a0<strong><strong>infos@tropica-animations.fr<\/strong><\/strong><\/p>\n\n\n\n<p><strong>H\u00c9BERGEMENT :<\/strong><\/p>\n\n\n\n<p>Le site est h\u00e9berg\u00e9&nbsp;par&nbsp;<strong>Strato&nbsp; &#8211;&nbsp; PascalStrasse 10, 10587 Berlin (Allemagne)<\/strong><\/p>\n\n\n\n<p>Fax. :<strong>&nbsp;0825 742 360&nbsp;<\/strong><\/p>\n\n\n\n<p><strong>RGPD :<\/strong><\/p>\n\n\n\n<p>Retrouvez les informations concernant les donn\u00e9es personnelles sur notre page&nbsp;<a href=\"http:\/\/www.tropica-animations.fr\/?page_id=195\">RGPD<\/a><\/p>\n\n\n\n<p>Vous pouvez \u00e9galement vous renseigner aupr\u00e8s de&nbsp;<a href=\"https:\/\/www.cnil.fr\/\">la Commission nationale de l&rsquo;informatique et des libert\u00e9s<\/a>&nbsp;(CNIL) sur vos droits et obligations<\/p>\n\n\n","protected":false},"excerpt":{"rendered":"<p>Qui sommes-nous&nbsp;? L\u2019adresse de notre site est&nbsp;: http:\/\/www.tropica-animations.fr. Utilisation des donn\u00e9es personnelles collect\u00e9es Mentions l\u00e9gales Conform\u00e9ment aux dispositions des articles 6-III et 19 de la Loi n\u00b0 2004-575 du 21 juin 2004 pour la Confiance dans l&rsquo;\u00e9conomie num\u00e9rique, dite L.C.E.N., nous portons \u00e0 la connaissance des utilisateurs et visiteurs du site :&nbsp;www.tropica-animations.fr&nbsp;les informations suivantes :&hellip; <a href=\"http:\/\/www.tropica-animations.fr\/?page_id=185\" class=\"read-more\">Continue reading Mentions L\u00e9gales<\/a><\/p>\n","protected":false},"author":1,"featured_media":0,"parent":0,"menu_order":0,"comment_status":"closed","ping_status":"closed","template":"","meta":{"jetpack_post_was_ever_published":false},"jetpack_sharing_enabled":true,"jetpack_shortlink":"https:\/\/wp.me\/P9CXSV-2Z","jetpack_likes_enabled":true,"jetpack-related-posts":[{"id":195,"url":"http:\/\/www.tropica-animations.fr\/?page_id=195","url_meta":{"origin":185,"position":0},"title":"RGPD","date":"7 f\u00e9vrier 2021","format":false,"excerpt":"D\u00e9finitions Client :\u00a0tout professionnel ou personne physique capable au sens des articles 1123 et suivants du Code civil, ou personne morale, qui visite le Site objet des pr\u00e9sentes conditions g\u00e9n\u00e9rales.Prestations et Services :\u00a0http:\/\/www.tropica-animations.fr\u00a0met \u00e0 disposition des Clients : Contenu :\u00a0Ensemble des \u00e9l\u00e9ments constituants l\u2019information pr\u00e9sente sur le Site, notamment textes\u2026","rel":"","context":"Article similaire","img":{"alt_text":"","src":"","width":0,"height":0},"classes":[]},{"id":8,"url":"http:\/\/www.tropica-animations.fr\/?page_id=8","url_meta":{"origin":185,"position":1},"title":"Galerie","date":"24 avril 2016","format":false,"excerpt":"Voici quelques exemples de nos r\u00e9alisations : \u00a0 Si vous avez des photos de vos soir\u00e9es pass\u00e9es avec TROPICA ANIMATIONS et que vous souhaitez les voir dans notre galerie, n'h\u00e9sitez pas \u00e0 nous les faire parvenir \u00e0 photos@tropica-animations.fr\u00a0. Merci par avance ! \u00a0","rel":"","context":"Article similaire","img":{"alt_text":"","src":"https:\/\/i0.wp.com\/www.tropica-animations.fr\/wp-content\/uploads\/2016\/04\/logo1.jpg?fit=800%2C600&resize=350%2C200","width":350,"height":200},"classes":[]},{"id":10,"url":"http:\/\/www.tropica-animations.fr\/?page_id=10","url_meta":{"origin":185,"position":2},"title":"Partenaires","date":"24 avril 2016","format":false,"excerpt":"Visitez les sites de nos partenaires ! La Ferme de Presles \u00a0: \u00a0www.fermedepresles.fr Nich\u00e9 au coeur de la Montagne de Reims ce restaurant vous accueille pour organiser toutes vos r\u00e9ceptions. Tropica Animations est l\u00e0 avec son mat\u00e9riel pour vous faire pass\u00e9 une soir\u00e9e inoubliable ! Mateclair\u00a0 :\u00a0 www.mateclair.com Fabrication et\u2026","rel":"","context":"Article similaire","img":{"alt_text":"","src":"","width":0,"height":0},"classes":[]},{"id":29,"url":"http:\/\/www.tropica-animations.fr\/","url_meta":{"origin":185,"position":3},"title":"Accueil","date":"24 avril 2016","format":false,"excerpt":"Bienvenue\u00a0 Depuis 1984, TROPICA ANIMATIONS est le partenaire de vos soir\u00e9es en Champagne Ardennes. Par notre exp\u00e9rience et un large choix musical, nous vous offrons un service de qualit\u00e9 toujours adapt\u00e9 \u00e0 vos attentes. Que ce soit pour\u00a0\u00a0votre mariage, votre anniversaire,\u00a0une f\u00eate organis\u00e9e par votre comit\u00e9 d\u2019 entreprise, une f\u00eate\u2026","rel":"","context":"Article similaire","img":{"alt_text":"","src":"https:\/\/i0.wp.com\/www.tropica-animations.fr\/wp-content\/uploads\/2016\/04\/ferme-presle.jpg?resize=350%2C200","width":350,"height":200},"classes":[]},{"id":5,"url":"http:\/\/www.tropica-animations.fr\/?page_id=5","url_meta":{"origin":185,"position":4},"title":"Nos prestations","date":"24 avril 2016","format":false,"excerpt":"Tropica Animations vous propose ses services pour animer toutes vos soir\u00e9es en Champagne Ardennes. Nous vous guidons dans le bon d\u00e9roulement de votre soir\u00e9e en l'adaptant selon vos envies.\u00a0 Fort de notre exp\u00e9rience, notre programmation musical r\u00e9pondra \u00e0 toutes vos attentes . Nous sommes \u00e0 votre \u00e9coute pour tout les\u2026","rel":"","context":"Article similaire","img":{"alt_text":"","src":"","width":0,"height":0},"classes":[]},{"id":12,"url":"http:\/\/www.tropica-animations.fr\/?page_id=12","url_meta":{"origin":185,"position":5},"title":"Contact","date":"24 avril 2016","format":false,"excerpt":"Pour r\u00e9server votre soir\u00e9e ou pour plus d'informations contactez nous !! Par mail : infos@tropica-animations.fr \u00a0 Par t\u00e9l\u00e9phone \u00a0: \u00a003.26.89.30.79 Portable \u00a0: \u00a006.08.64.42.32 Pour toutes questions ou demande, remplissez notre formulaire :","rel":"","context":"Article similaire","img":{"alt_text":"","src":"","width":0,"height":0},"classes":[]}],"_links":{"self":[{"href":"http:\/\/www.tropica-animations.fr\/index.php?rest_route=\/wp\/v2\/pages\/185"}],"collection":[{"href":"http:\/\/www.tropica-animations.fr\/index.php?rest_route=\/wp\/v2\/pages"}],"about":[{"href":"http:\/\/www.tropica-animations.fr\/index.php?rest_route=\/wp\/v2\/types\/page"}],"author":[{"embeddable":true,"href":"http:\/\/www.tropica-animations.fr\/index.php?rest_route=\/wp\/v2\/users\/1"}],"replies":[{"embeddable":true,"href":"http:\/\/www.tropica-animations.fr\/index.php?rest_route=%2Fwp%2Fv2%2Fcomments&post=185"}],"version-history":[{"count":6,"href":"http:\/\/www.tropica-animations.fr\/index.php?rest_route=\/wp\/v2\/pages\/185\/revisions"}],"predecessor-version":[{"id":217,"href":"http:\/\/www.tropica-animations.fr\/index.php?rest_route=\/wp\/v2\/pages\/185\/revisions\/217"}],"wp:attachment":[{"href":"http:\/\/www.tropica-animations.fr\/index.php?rest_route=%2Fwp%2Fv2%2Fmedia&parent=185"}],"curies":[{"name":"wp","href":"https:\/\/api.w.org\/{rel}","templated":true}]}}