{"id":12,"date":"2016-04-24T17:10:51","date_gmt":"2016-04-24T15:10:51","guid":{"rendered":"http:\/\/localhost:8888\/?page_id=12"},"modified":"2021-02-07T17:31:22","modified_gmt":"2021-02-07T16:31:22","slug":"contact","status":"publish","type":"page","link":"http:\/\/www.tropica-animations.fr\/?page_id=12","title":{"rendered":"Contact"},"content":{"rendered":"<p style=\"text-align: center;\">Pour r\u00e9server votre soir\u00e9e ou pour plus d&rsquo;informations contactez nous !!<\/p>\n<p class=\"Style4\" align=\"center\">Par mail : <strong><a class=\"Style10\" href=\"mailto:infos@tropica-animations.fr\">infos@tropica-animations.fr<\/a><\/strong><\/p>\n<h3 class=\"Style4\" align=\"center\"><img data-attachment-id=\"135\" data-permalink=\"http:\/\/www.tropica-animations.fr\/?attachment_id=135\" data-orig-file=\"https:\/\/i0.wp.com\/www.tropica-animations.fr\/wp-content\/uploads\/2017\/05\/phone-1468467_1920.png?fit=1920%2C1920\" data-orig-size=\"1920,1920\" data-comments-opened=\"1\" data-image-meta=\"{&quot;aperture&quot;:&quot;0&quot;,&quot;credit&quot;:&quot;&quot;,&quot;camera&quot;:&quot;&quot;,&quot;caption&quot;:&quot;&quot;,&quot;created_timestamp&quot;:&quot;0&quot;,&quot;copyright&quot;:&quot;&quot;,&quot;focal_length&quot;:&quot;0&quot;,&quot;iso&quot;:&quot;0&quot;,&quot;shutter_speed&quot;:&quot;0&quot;,&quot;title&quot;:&quot;&quot;,&quot;orientation&quot;:&quot;0&quot;}\" data-image-title=\"\" data-image-description=\"\" data-image-caption=\"\" data-medium-file=\"https:\/\/i0.wp.com\/www.tropica-animations.fr\/wp-content\/uploads\/2017\/05\/phone-1468467_1920.png?fit=300%2C300\" data-large-file=\"https:\/\/i0.wp.com\/www.tropica-animations.fr\/wp-content\/uploads\/2017\/05\/phone-1468467_1920.png?fit=640%2C640\" decoding=\"async\" loading=\"lazy\" class=\"wp-image-135 alignnone\" src=\"https:\/\/i0.wp.com\/tropica-animations.fr\/wp-content\/uploads\/2017\/05\/phone-1468467_1920-150x150.png?resize=53%2C53\" alt=\"\" width=\"53\" height=\"53\" srcset=\"https:\/\/i0.wp.com\/www.tropica-animations.fr\/wp-content\/uploads\/2017\/05\/phone-1468467_1920.png?resize=150%2C150 150w, https:\/\/i0.wp.com\/www.tropica-animations.fr\/wp-content\/uploads\/2017\/05\/phone-1468467_1920.png?resize=300%2C300 300w, https:\/\/i0.wp.com\/www.tropica-animations.fr\/wp-content\/uploads\/2017\/05\/phone-1468467_1920.png?resize=768%2C768 768w, https:\/\/i0.wp.com\/www.tropica-animations.fr\/wp-content\/uploads\/2017\/05\/phone-1468467_1920.png?resize=1024%2C1024 1024w, https:\/\/i0.wp.com\/www.tropica-animations.fr\/wp-content\/uploads\/2017\/05\/phone-1468467_1920.png?w=1920 1920w, https:\/\/i0.wp.com\/www.tropica-animations.fr\/wp-content\/uploads\/2017\/05\/phone-1468467_1920.png?w=1280 1280w\" sizes=\"(max-width: 53px) 100vw, 53px\" data-recalc-dims=\"1\" \/>\u00a0 Par t\u00e9l\u00e9phone \u00a0: \u00a0<strong><span class=\"Style9\">03.26.89.30.79<\/span><\/strong><\/h3>\n<h3 class=\"Style4\" align=\"center\">Portable \u00a0: \u00a0<strong>06.08.64.42.32<\/strong><\/h3>\n<p align=\"center\">\n<p class=\"Style4\" style=\"text-align: left;\" align=\"center\">Pour toutes questions ou demande, remplissez notre formulaire :<\/p>\n\n<div class=\"wpcf7 no-js\" id=\"wpcf7-f51-o1\" lang=\"fr-FR\" dir=\"ltr\">\n<div class=\"screen-reader-response\"><p role=\"status\" aria-live=\"polite\" aria-atomic=\"true\"><\/p> <ul><\/ul><\/div>\n<form action=\"\/index.php?rest_route=%2Fwp%2Fv2%2Fpages%2F12#wpcf7-f51-o1\" method=\"post\" class=\"wpcf7-form init\" aria-label=\"Formulaire de contact\" novalidate=\"novalidate\" data-status=\"init\">\n<div style=\"display: none;\">\n<input type=\"hidden\" name=\"_wpcf7\" value=\"51\" \/>\n<input type=\"hidden\" name=\"_wpcf7_version\" value=\"5.7.3\" \/>\n<input type=\"hidden\" name=\"_wpcf7_locale\" value=\"fr_FR\" \/>\n<input type=\"hidden\" name=\"_wpcf7_unit_tag\" value=\"wpcf7-f51-o1\" \/>\n<input type=\"hidden\" name=\"_wpcf7_container_post\" value=\"0\" \/>\n<input type=\"hidden\" name=\"_wpcf7_posted_data_hash\" value=\"\" \/>\n<\/div>\n<p><label> Votre nom (obligatoire)<br \/>\n<span class=\"wpcf7-form-control-wrap\" data-name=\"your-name\"><input size=\"40\" class=\"wpcf7-form-control wpcf7-text wpcf7-validates-as-required\" aria-required=\"true\" aria-invalid=\"false\" value=\"\" type=\"text\" name=\"your-name\" \/><\/span> <\/label>\n<\/p>\n<p><label> Votre e-mail (obligatoire)<br \/>\n<span class=\"wpcf7-form-control-wrap\" data-name=\"your-email\"><input size=\"40\" class=\"wpcf7-form-control wpcf7-text wpcf7-email wpcf7-validates-as-required wpcf7-validates-as-email\" aria-required=\"true\" aria-invalid=\"false\" value=\"\" type=\"email\" name=\"your-email\" \/><\/span> <\/label>\n<\/p>\n<p><label> Sujet<br \/>\n<span class=\"wpcf7-form-control-wrap\" data-name=\"your-subject\"><input size=\"40\" class=\"wpcf7-form-control wpcf7-text\" aria-invalid=\"false\" value=\"\" type=\"text\" name=\"your-subject\" \/><\/span> <\/label>\n<\/p>\n<p><label> Votre message<br \/>\n<span class=\"wpcf7-form-control-wrap\" data-name=\"your-message\"><textarea cols=\"40\" rows=\"10\" class=\"wpcf7-form-control wpcf7-textarea\" aria-invalid=\"false\" name=\"your-message\"><\/textarea><\/span> <\/label>\n<\/p>\n<p><input class=\"wpcf7-form-control has-spinner wpcf7-submit\" type=\"submit\" value=\"Envoyer\" \/>\n<\/p><div class=\"wpcf7-response-output\" aria-hidden=\"true\"><\/div>\n<\/form>\n<\/div>\n\n","protected":false},"excerpt":{"rendered":"<p>Pour r\u00e9server votre soir\u00e9e ou pour plus d&rsquo;informations contactez nous !! Par mail : infos@tropica-animations.fr \u00a0 Par t\u00e9l\u00e9phone \u00a0: \u00a003.26.89.30.79 Portable \u00a0: \u00a006.08.64.42.32 Pour toutes questions ou demande, remplissez notre formulaire :<\/p>\n","protected":false},"author":1,"featured_media":0,"parent":0,"menu_order":0,"comment_status":"closed","ping_status":"closed","template":"","meta":{"jetpack_post_was_ever_published":false},"jetpack_sharing_enabled":true,"jetpack_shortlink":"https:\/\/wp.me\/P9CXSV-c","jetpack_likes_enabled":true,"jetpack-related-posts":[{"id":29,"url":"http:\/\/www.tropica-animations.fr\/","url_meta":{"origin":12,"position":0},"title":"Accueil","date":"24 avril 2016","format":false,"excerpt":"Bienvenue\u00a0 Depuis 1984, TROPICA ANIMATIONS est le partenaire de vos soir\u00e9es en Champagne Ardennes. Par notre exp\u00e9rience et un large choix musical, nous vous offrons un service de qualit\u00e9 toujours adapt\u00e9 \u00e0 vos attentes. Que ce soit pour\u00a0\u00a0votre mariage, votre anniversaire,\u00a0une f\u00eate organis\u00e9e par votre comit\u00e9 d\u2019 entreprise, une f\u00eate\u2026","rel":"","context":"Article similaire","img":{"alt_text":"","src":"https:\/\/i0.wp.com\/www.tropica-animations.fr\/wp-content\/uploads\/2016\/04\/ferme-presle.jpg?resize=350%2C200","width":350,"height":200},"classes":[]},{"id":195,"url":"http:\/\/www.tropica-animations.fr\/?page_id=195","url_meta":{"origin":12,"position":1},"title":"RGPD","date":"7 f\u00e9vrier 2021","format":false,"excerpt":"D\u00e9finitions Client :\u00a0tout professionnel ou personne physique capable au sens des articles 1123 et suivants du Code civil, ou personne morale, qui visite le Site objet des pr\u00e9sentes conditions g\u00e9n\u00e9rales.Prestations et Services :\u00a0http:\/\/www.tropica-animations.fr\u00a0met \u00e0 disposition des Clients : Contenu :\u00a0Ensemble des \u00e9l\u00e9ments constituants l\u2019information pr\u00e9sente sur le Site, notamment textes\u2026","rel":"","context":"Article similaire","img":{"alt_text":"","src":"","width":0,"height":0},"classes":[]},{"id":185,"url":"http:\/\/www.tropica-animations.fr\/?page_id=185","url_meta":{"origin":12,"position":2},"title":"Mentions L\u00e9gales","date":"7 f\u00e9vrier 2021","format":false,"excerpt":"Qui sommes-nous\u00a0? L\u2019adresse de notre site est\u00a0: http:\/\/www.tropica-animations.fr. Utilisation des donn\u00e9es personnelles collect\u00e9es Mentions l\u00e9gales Conform\u00e9ment aux dispositions des articles 6-III et 19 de la Loi n\u00b0 2004-575 du 21 juin 2004 pour la Confiance dans l'\u00e9conomie num\u00e9rique, dite L.C.E.N., nous portons \u00e0 la connaissance des utilisateurs et visiteurs du\u2026","rel":"","context":"Article similaire","img":{"alt_text":"","src":"","width":0,"height":0},"classes":[]},{"id":10,"url":"http:\/\/www.tropica-animations.fr\/?page_id=10","url_meta":{"origin":12,"position":3},"title":"Partenaires","date":"24 avril 2016","format":false,"excerpt":"Visitez les sites de nos partenaires ! La Ferme de Presles \u00a0: \u00a0www.fermedepresles.fr Nich\u00e9 au coeur de la Montagne de Reims ce restaurant vous accueille pour organiser toutes vos r\u00e9ceptions. Tropica Animations est l\u00e0 avec son mat\u00e9riel pour vous faire pass\u00e9 une soir\u00e9e inoubliable ! Mateclair\u00a0 :\u00a0 www.mateclair.com Fabrication et\u2026","rel":"","context":"Article similaire","img":{"alt_text":"","src":"","width":0,"height":0},"classes":[]},{"id":5,"url":"http:\/\/www.tropica-animations.fr\/?page_id=5","url_meta":{"origin":12,"position":4},"title":"Nos prestations","date":"24 avril 2016","format":false,"excerpt":"Tropica Animations vous propose ses services pour animer toutes vos soir\u00e9es en Champagne Ardennes. Nous vous guidons dans le bon d\u00e9roulement de votre soir\u00e9e en l'adaptant selon vos envies.\u00a0 Fort de notre exp\u00e9rience, notre programmation musical r\u00e9pondra \u00e0 toutes vos attentes . Nous sommes \u00e0 votre \u00e9coute pour tout les\u2026","rel":"","context":"Article similaire","img":{"alt_text":"","src":"","width":0,"height":0},"classes":[]},{"id":8,"url":"http:\/\/www.tropica-animations.fr\/?page_id=8","url_meta":{"origin":12,"position":5},"title":"Galerie","date":"24 avril 2016","format":false,"excerpt":"Voici quelques exemples de nos r\u00e9alisations : \u00a0 Si vous avez des photos de vos soir\u00e9es pass\u00e9es avec TROPICA ANIMATIONS et que vous souhaitez les voir dans notre galerie, n'h\u00e9sitez pas \u00e0 nous les faire parvenir \u00e0 photos@tropica-animations.fr\u00a0. Merci par avance ! \u00a0","rel":"","context":"Article similaire","img":{"alt_text":"","src":"https:\/\/i0.wp.com\/www.tropica-animations.fr\/wp-content\/uploads\/2016\/04\/logo1.jpg?fit=800%2C600&resize=350%2C200","width":350,"height":200},"classes":[]}],"_links":{"self":[{"href":"http:\/\/www.tropica-animations.fr\/index.php?rest_route=\/wp\/v2\/pages\/12"}],"collection":[{"href":"http:\/\/www.tropica-animations.fr\/index.php?rest_route=\/wp\/v2\/pages"}],"about":[{"href":"http:\/\/www.tropica-animations.fr\/index.php?rest_route=\/wp\/v2\/types\/page"}],"author":[{"embeddable":true,"href":"http:\/\/www.tropica-animations.fr\/index.php?rest_route=\/wp\/v2\/users\/1"}],"replies":[{"embeddable":true,"href":"http:\/\/www.tropica-animations.fr\/index.php?rest_route=%2Fwp%2Fv2%2Fcomments&post=12"}],"version-history":[{"count":12,"href":"http:\/\/www.tropica-animations.fr\/index.php?rest_route=\/wp\/v2\/pages\/12\/revisions"}],"predecessor-version":[{"id":213,"href":"http:\/\/www.tropica-animations.fr\/index.php?rest_route=\/wp\/v2\/pages\/12\/revisions\/213"}],"wp:attachment":[{"href":"http:\/\/www.tropica-animations.fr\/index.php?rest_route=%2Fwp%2Fv2%2Fmedia&parent=12"}],"curies":[{"name":"wp","href":"https:\/\/api.w.org\/{rel}","templated":true}]}}